{"id":35,"date":"2018-08-07T13:02:38","date_gmt":"2018-08-07T13:02:38","guid":{"rendered":"http:\/\/www.gesundimwesterwald.de\/?page_id=35"},"modified":"2018-08-09T14:35:37","modified_gmt":"2018-08-09T14:35:37","slug":"datenschutz","status":"publish","type":"page","link":"http:\/\/www.gesundimwesterwald.de\/?page_id=35","title":{"rendered":"Datenschutz"},"content":{"rendered":"<h1>Datenschutzerkl\u00e4rung<\/h1>\n<h2>Datenschutz<\/h2>\n<p>Die Betreiber dieser Seiten nehmen den Schutz Ihrer pers\u00f6nlichen Daten sehr ernst. Wir behandeln Ihre personenbezogenen Daten vertraulich und entsprechend der gesetzlichen Datenschutzvorschriften sowie dieser Datenschutzerkl\u00e4rung.<\/p>\n<p>Die Nutzung unserer Webseite ist in der Regel ohne Angabe personenbezogener Daten m\u00f6glich. Soweit auf unseren Seiten personenbezogene Daten (beispielsweise Name, Anschrift oder E-Mail-Adressen) erhoben werden, erfolgt dies, soweit m\u00f6glich, stets auf freiwilliger Basis. Diese Daten werden ohne Ihre ausdr\u00fcckliche Zustimmung nicht an Dritte weitergegeben.<\/p>\n<p>Wir weisen darauf hin, dass die Daten\u00fcbertragung im Internet (z.B. bei der Kommunikation per E-Mail) Sicherheitsl\u00fccken aufweisen kann. Ein l\u00fcckenloser Schutz der Daten vor dem Zugriff durch Dritte ist nicht m\u00f6glich.<\/p>\n<p>&nbsp;<\/p>\n<h2>Cookies<\/h2>\n<p>Die Internetseiten verwenden teilweise so genannte Cookies. Cookies richten auf Ihrem Rechner keinen Schaden an und enthalten keine Viren. Cookies dienen dazu, unser Angebot nutzerfreundlicher, effektiver und sicherer zu machen. Cookies sind kleine Textdateien, die auf Ihrem Rechner abgelegt werden und die Ihr Browser speichert.<\/p>\n<p>Die meisten der von uns verwendeten Cookies sind so genannte \u201eSession-Cookies\u201c. Sie werden nach Ende Ihres Besuchs automatisch gel\u00f6scht. Andere Cookies bleiben auf Ihrem Endger\u00e4t gespeichert, bis Sie diese l\u00f6schen. Diese Cookies erm\u00f6glichen es uns, Ihren Browser beim n\u00e4chsten Besuch wiederzuerkennen.<\/p>\n<p>Sie k\u00f6nnen Ihren Browser so einstellen, dass Sie \u00fcber das Setzen von Cookies informiert werden und Cookies nur im Einzelfall erlauben, die Annahme von Cookies f\u00fcr bestimmte F\u00e4lle oder generell ausschlie\u00dfen sowie das automatische L\u00f6schen der Cookies beim Schlie\u00dfen des Browser aktivieren. Bei der Deaktivierung von Cookies kann die Funktionalit\u00e4t dieser Website eingeschr\u00e4nkt sein.<\/p>\n<p>&nbsp;<\/p>\n<h2>Server-Log-Files<\/h2>\n<p>Der Provider der Seiten erhebt und speichert automatisch Informationen in so genannten Server-Log Files, die Ihr Browser automatisch an uns \u00fcbermittelt. Dies sind:<\/p>\n<ul>\n<li>Browsertyp und Browserversion<\/li>\n<li>verwendetes Betriebssystem<\/li>\n<li>Referrer URL<\/li>\n<li>Hostname des zugreifenden Rechners<\/li>\n<li>Uhrzeit der Serveranfrage<\/li>\n<\/ul>\n<p>Diese Daten sind nicht bestimmten Personen zuordenbar. Eine Zusammenf\u00fchrung dieser Daten mit anderen Datenquellen wird nicht vorgenommen. Wir behalten uns vor, diese Daten nachtr\u00e4glich zu pr\u00fcfen, wenn uns konkrete Anhaltspunkte f\u00fcr eine rechtswidrige Nutzung bekannt werden.<\/p>\n<p>&nbsp;<\/p>\n<h2>Kontaktformular<\/h2>\n<p>Wenn Sie uns per Kontaktformular Anfragen zukommen lassen, werden Ihre Angaben aus dem Anfrageformular inklusive der von Ihnen dort angegebenen Kontaktdaten zwecks Bearbeitung der Anfrage und f\u00fcr den Fall von Anschlussfragen bei uns gespeichert. Diese Daten geben wir nicht ohne Ihre Einwilligung weiter.<\/p>\n<p>&nbsp;<\/p>\n<h2>Newsletterdaten<\/h2>\n<p>Wenn Sie den auf der Webseite angebotenen Newsletter beziehen m\u00f6chten, ben\u00f6tigen wir von Ihnen eine E-Mail-Adresse sowie Informationen, welche uns die \u00dcberpr\u00fcfung gestatten, dass Sie der Inhaber der angegebenen E-Mail-Adresse sind und mit dem Empfang des Newsletters einverstanden sind. Weitere Daten werden nicht erhoben. Diese Daten verwenden wir ausschlie\u00dflich f\u00fcr den Versand der angeforderten Informationen und geben sie nicht an Dritte weiter.<\/p>\n<p>Die erteilte Einwilligung zur Speicherung der Daten, der E-Mail-Adresse sowie deren Nutzung zum Versand des Newsletters k\u00f6nnen Sie jederzeit widerrufen, etwa \u00fcber den &#8222;Austragen&#8220;-Link im Newsletter.<\/p>\n<p>&nbsp;<\/p>\n<h2>Datenschutzerkl\u00e4rung f\u00fcr die Nutzung von WordPress Stats<\/h2>\n<p>Diese Website nutzt das WordPress Tool Stats um Besucherzugriffe statistisch auszuwerten. Anbieter ist die Automattic Inc., 60 29th Street #343, San Francisco, CA 94110-4929, USA.<\/p>\n<p>WordPress Stats verwendet Cookies, die auf Ihrem Computer gespeichert werden und die eine Analyse der Benutzung der Website erlauben. Die durch die Cookies generierten Informationen \u00fcber die Benutzung unserer Webseite werden auf Servern in den USA gespeichert. Ihre IP-Adresse wird nach der Verarbeitung und vor der Speicherung anonymisiert.<\/p>\n<p>Sie k\u00f6nnen Ihren Browser so einstellen, dass Sie \u00fcber das Setzen von Cookies informiert werden und Cookies nur im Einzelfall erlauben, die Annahme von Cookies f\u00fcr bestimmte F\u00e4lle oder generell ausschlie\u00dfen sowie das automatische L\u00f6schen der Cookies beim Schlie\u00dfen des Browser aktivieren. Bei der Deaktivierung von Cookies kann die Funktionalit\u00e4t unserer Webseite eingeschr\u00e4nkt sein.<\/p>\n<p>Sie k\u00f6nnen der Erhebung und Nutzung Ihrer Daten f\u00fcr die Zukunft widersprechen, indem Sie mit einem Klick auf diesen Link einen Opt-Out-Cookie in Ihrem Browser setzen: <a href=\"https:\/\/www.quantcast.com\/opt-out\/\">https:\/\/www.quantcast.com\/opt-out\/<\/a><\/p>\n<p>Wenn Sie die Cookies auf Ihrem Rechner l\u00f6schen, m\u00fcssen Sie den Opt-Out-Cookie erneut setzen.<\/p>\n<p>&nbsp;<\/p>\n<h2>Datenschutzerkl\u00e4rung f\u00fcr die Nutzung von Facebook-Plugins (Like-Button)<\/h2>\n<p>Auf unseren Seiten sind Plugins des sozialen Netzwerks Facebook, Anbieter Facebook Inc., 1 Hacker Way, Menlo Park, California 94025, USA, integriert. Die Facebook-Plugins erkennen Sie an dem Facebook-Logo oder dem &#8222;Like-Button&#8220; (&#8222;Gef\u00e4llt mir&#8220;) auf unserer Seite. Eine \u00dcbersicht \u00fcber die Facebook-Plugins finden Sie hier: <a href=\"http:\/\/developers.facebook.com\/docs\/plugins\/\">http:\/\/developers.facebook.com\/docs\/plugins\/<\/a>.<\/p>\n<p>Wenn Sie unsere Seiten besuchen, wird \u00fcber das Plugin eine direkte Verbindung zwischen Ihrem Browser und dem Facebook-Server hergestellt. Facebook erh\u00e4lt dadurch die Information, dass Sie mit Ihrer IP-Adresse unsere Seite besucht haben. Wenn Sie den Facebook &#8222;Like-Button&#8220; anklicken w\u00e4hrend Sie in Ihrem Facebook-Account eingeloggt sind, k\u00f6nnen Sie die Inhalte unserer Seiten auf Ihrem Facebook-Profil verlinken. Dadurch kann Facebook den Besuch unserer Seiten Ihrem Benutzerkonto zuordnen. Wir weisen darauf hin, dass wir als Anbieter der Seiten keine Kenntnis vom Inhalt der \u00fcbermittelten Daten sowie deren Nutzung durch Facebook erhalten. Weitere Informationen hierzu finden Sie in der Datenschutzerkl\u00e4rung von Facebook unter <a href=\"http:\/\/de-de.facebook.com\/policy.php\">http:\/\/de-de.facebook.com\/policy.php<\/a>.<\/p>\n<p>Wenn Sie nicht w\u00fcnschen, dass Facebook den Besuch unserer Seiten Ihrem Facebook-Nutzerkonto zuordnen kann, loggen Sie sich bitte aus Ihrem Facebook-Benutzerkonto aus.<\/p>\n<p>&nbsp;<\/p>\n<h2>Datenschutzerkl\u00e4rung f\u00fcr die Nutzung von Instagram<\/h2>\n<p>Auf unseren Seiten sind Funktionen des Dienstes Instagram eingebunden. Diese Funktionen werden angeboten durch die Instagram Inc., 1601 Willow Road, Menlo Park, CA, 94025, USA integriert. Wenn Sie in Ihrem Instagram-Account eingeloggt sind k\u00f6nnen Sie durch Anklicken des Instagram-Buttons die Inhalte unserer Seiten mit Ihrem Instagram-Profil verlinken. Dadurch kann Instagram den Besuch unserer Seiten Ihrem Benutzerkonto zuordnen. Wir weisen darauf hin, dass wir als Anbieter der Seiten keine Kenntnis vom Inhalt der \u00fcbermittelten Daten sowie deren Nutzung durch Instagram erhalten.<\/p>\n<p>Weitere Informationen hierzu finden Sie in der Datenschutzerkl\u00e4rung von Instagram: <a href=\"http:\/\/instagram.com\/about\/legal\/privacy\/\">http:\/\/instagram.com\/about\/legal\/privacy\/<\/a><\/p>\n<p>&nbsp;<\/p>\n<h2>Datenschutzerkl\u00e4rung f\u00fcr die Nutzung von YouTube<\/h2>\n<p>Unsere Webseite nutzt Plugins der von Google betriebenen Seite YouTube. Betreiber der Seiten ist die YouTube, LLC, 901 Cherry Ave., San Bruno, CA 94066, USA. Wenn Sie eine unserer mit einem YouTube-Plugin ausgestatteten Seiten besuchen, wird eine Verbindung zu den Servern von YouTube hergestellt. Dabei wird dem Youtube-Server mitgeteilt, welche unserer Seiten Sie besucht haben.<\/p>\n<p>Wenn Sie in Ihrem YouTube-Account eingeloggt sind erm\u00f6glichen Sie YouTube, Ihr Surfverhalten direkt Ihrem pers\u00f6nlichen Profil zuzuordnen. Dies k\u00f6nnen Sie verhindern, indem Sie sich aus Ihrem YouTube-Account ausloggen.<\/p>\n<p>Weitere Informationen zum Umgang von Nutzerdaten finden Sie in der Datenschutzerkl\u00e4rung von YouTube unter: <a href=\"https:\/\/www.google.de\/intl\/de\/policies\/privacy\">https:\/\/www.google.de\/intl\/de\/policies\/privacy<\/a><\/p>\n<p>&nbsp;<\/p>\n<h2>SSL-Verschl\u00fcsselung<\/h2>\n<p>Diese Seite nutzt aus Gr\u00fcnden der Sicherheit und zum Schutz der \u00dcbertragung vertraulicher Inhalte, wie zum Beispiel der Anfragen, die Sie an uns als Seitenbetreiber senden, eine SSL-Verschl\u00fcsselung. Eine verschl\u00fcsselte Verbindung erkennen Sie daran, dass die Adresszeile des Browsers von &#8222;http:\/\/&#8220; auf &#8222;https:\/\/&#8220; wechselt und an dem Schloss-Symbol in Ihrer Browserzeile.<\/p>\n<p>Wenn die SSL Verschl\u00fcsselung aktiviert ist, k\u00f6nnen die Daten, die Sie an uns \u00fcbermitteln, nicht von Dritten mitgelesen werden.<\/p>\n<p>&nbsp;<\/p>\n<h2>Daten\u00fcbermittlung bei Vertragsschluss f\u00fcr Dienstleistungen und digitalen Inhalten<\/h2>\n<p>Wir \u00fcbermitteln personenbezogene Daten an Dritte nur dann, wenn dies im Rahmen der Vertragsabwicklung notwendig ist, etwa an das mit der Zahlungsabwicklung beauftragte Kreditinstitut.<\/p>\n<p>Eine weitergehende \u00dcbermittlung der Daten erfolgt nicht bzw. nur dann, wenn Sie der \u00dcbermittlung ausdr\u00fccklich zugestimmt haben. Eine Weitergabe Ihrer Daten an Dritte ohne ausdr\u00fcckliche Einwilligung, etwa zu Zwecken der Werbung, erfolgt nicht.<\/p>\n<p>&nbsp;<\/p>\n<h2>Auskunft, L\u00f6schung, Sperrung<\/h2>\n<p>Sie haben jederzeit das Recht auf unentgeltliche Auskunft \u00fcber Ihre gespeicherten personenbezogenen Daten, deren Herkunft und Empf\u00e4nger und den Zweck der Datenverarbeitung sowie ein Recht auf Berichtigung, Sperrung oder L\u00f6schung dieser Daten. Hierzu sowie zu weiteren Fragen zum Thema personenbezogene Daten k\u00f6nnen Sie sich jederzeit unter der im Impressum angegebenen Adresse an uns wenden.<\/p>\n<p>&nbsp;<\/p>\n<h2>Widerspruch Werbe-Mails<\/h2>\n<p>Der Nutzung von im Rahmen der Impressumspflicht ver\u00f6ffentlichten Kontaktdaten zur \u00dcbersendung von nicht ausdr\u00fccklich angeforderter Werbung und Informationsmaterialien wird hiermit widersprochen. Die Betreiber der Seiten behalten sich ausdr\u00fccklich rechtliche Schritte im Falle der unverlangten Zusendung von Werbeinformationen, etwa durch Spam-E-Mails, vor.<\/p>\n<p>&nbsp;<\/p>\n<h1>Privacy Policy<\/h1>\n<h2>Data Protection<\/h2>\n<p>The operators of this website take the protection of your personal data very seriously. We treat your personal data confidentially and according to the legal data protection regulations and this Privacy Policy.<\/p>\n<p>The use of our website is usually possible without providing personal data. Personal data, such as names, addresses or e-mail addresses, are always provided on a voluntary basis if possible. Those data will not be passed on to third parties without your explicit permission.<\/p>\n<p>However, we would like to point out that data transmissions via internet (e.g. e-mail communication) cannot be entirely secure and may have security vulnerabilities. A complete protection of personal details against unauthorised access by third parties is not possible.<\/p>\n<p>&nbsp;<\/p>\n<h2>Cookies<\/h2>\n<p>This website partially uses so-called cookies. Cookies do not cause damages to your computer and do not contain viruses. Cookies allow us to make our offer more user-friendly, more efficient and more secure. Cookies are small text files, stored by your browser on your computer.<\/p>\n<p>The most cookies that we use are so-called \u201csession cookies\u201d. They will be deleted automatically after the end of your visit. Other cookies remain on your terminal device. Those cookies enable us to recognise your browser on your next visit.<\/p>\n<p>You can adjust your browser that way in order to be informed when cookies are placed, to individually allow cookies or to generally exclude cookies in certain cases as well as to activate the automatic deletion of cookies when closing the browser. The deactivation of cookies may impair the functionality of this website.<\/p>\n<p>&nbsp;<\/p>\n<h2>Server-log-files<\/h2>\n<p>The provider of these websites automatically collects and stores information in so-called server log files which your browser automatically transmits to us, such as<\/p>\n<ul>\n<li>browser type\/version<\/li>\n<li>used operating system<\/li>\n<li>referrer URL<\/li>\n<li>host name of the accessing computer<\/li>\n<li>time of query<\/li>\n<\/ul>\n<p>Those data cannot be associated with individual persons. A merging with other data sources does not take place. We reserve the right to retrospectively check the data if reasonable evidences concerning illegal use become known.<\/p>\n<p>&nbsp;<\/p>\n<h2>Contact form<\/h2>\n<p>If you send enquiries to us via the contact form, your data entered into the contact form, including the stated contact data, are stored for the purpose of dealing with your enquiry and in case of additional enquiries. Those data will not be passed on without your permission.<\/p>\n<p>&nbsp;<\/p>\n<h2>Newsletter<\/h2>\n<p>If you would like to receive the newsletter offered on our website, we require your email address as well as information which allow us to check that you are the owner of the provided email address and that you agree to the reception of the newsletter. Further data will not be collected. We use those data exclusively for the sending of the requested information and do not transmit them to third parties.<\/p>\n<p>The given permission to the storage of the data, the email address as well as the use of such for the purpose of sending the newsletter can be withdrawn at any time via the &#8222;Unsubscribe&#8220;-link within the newsletter.<\/p>\n<p>&nbsp;<\/p>\n<h2>Privacy Policy for the use of WordPress Stats<\/h2>\n<p>This website uses the WordPress Tool Stats to statistically evaluate visitor access. The tool is provided by Automattic Inc., 60 29th Street #343, San Francisco, CA 94110-4929, USA.<\/p>\n<p>WordPress Stats uses so-called cookies which are stored on your computer and enable the analysis of the use of the website. The information generated by the cookies about the use of our website is stored on servers in the USA. Your IP address will be anonymised after processing and before storage.<\/p>\n<p>You can adjust your browser to be informed about the placement of cookies and to individually accept, to individually or generally exclude cookies as well as to activate automatic deletion of cookies when closing the browser. On deactivation of cookies the functionality of the website might be impaired.<\/p>\n<p>You may object to the collection and use of your date in the future by clicking the below link to place an opt-out-cookies in your browser: <a href=\"https:\/\/www.quantcast.com\/opt-out\/\">https:\/\/www.quantcast.com\/opt-out\/<\/a><\/p>\n<p>When you delete the cookies from your computer, you need to place the opt-out-cookies again.<\/p>\n<p>&nbsp;<\/p>\n<h2>Privacy Policy for the use of Facebook-Plug-ins (Like-Button)<\/h2>\n<p>On our websites plug-ins of the social network Facebook, Facebook Inc., 1 Hacker Way, Menlo Park, California 94025, USA are integrated. You recognise these plugins by the Facebook logo or the Like-Button on our site. For an overview of Facebook plugins, please see here: <a href=\"http:\/\/developers.facebook.com\/docs\/plugins\/\">http:\/\/developers.facebook.com\/docs\/plugins\/<\/a>.<\/p>\n<p>If you visit our websites, a direct connection between your browser and the Facebook server is established by this plug-in. By that Facebook receives information that you have visited our websites with your IP-address. If you click the Facebook \u201cLike\u201d button while you are logged on to your Facebook account you may link the contents of our websites to your Facebook account. Thereby Facebook can associate your visit of our websites to your Facebook account. We would like to point out that we as providers of these websites do not obtain knowledge about the contents of the transmitted data as well as the use of such by Facebook. For further information, please check the Privacy Policy of Facebook under <a href=\"https:\/\/www.facebook.com\/policy.php\">https:\/\/www.facebook.com\/policy.php<\/a>.<\/p>\n<p>If you do not wish that Facebook associates your visit of our websites to your Facebook account, please log out of your Facebook account.<\/p>\n<p>&nbsp;<\/p>\n<h2>Privacy Policy for the use of Instagram<\/h2>\n<p>On our websites functions of the service Instagram are embedded. These functions are offered by the Instagram Inc., 1601 Willow Road, Menlo Park, CA, 94025, USA. If you are logged in to your Instagram account, you can link contents of our websites to your Instagram profile by clicking the Instagram button. By this ,Instagram will associate the visit of our websites with your user account. We would like to point out that we, as providers of these websites, do not obtain knowledge about the contents of transmitted data as well as their use by Instagram.<\/p>\n<p>For further information, please review the Privacy Policy of Instagram: <a href=\"http:\/\/instagram.com\/about\/legal\/privacy\/\">http:\/\/instagram.com\/about\/legal\/privacy\/<\/a><\/p>\n<p>&nbsp;<\/p>\n<h2>Privacy Policy for the use of YouTube<\/h2>\n<p>Our website uses plugins of the Google-operated website YouTube. Provider of the website is YouTube, LLC, 901 Cherry Ave., San Bruno, CA 94066, USA. If you visit one of our website having a YouTube-plugin embedded, a connection to YouTube servers will be established. The YouTube server will then be submitted the information that you have visited our websites.<\/p>\n<p>If you are logged on to your YouTube account, you enable YouTube to associate your browsing behaviour with your personal profile. You may prevent this by logging out of YouTube.<\/p>\n<p>You find further information concerning the treatment of user data in the Privacy Policy of YouTube under: <a href=\"https:\/\/www.google.de\/intl\/de\/policies\/privacy\">https:\/\/www.google.de\/intl\/de\/policies\/privacy<\/a><\/p>\n<p>&nbsp;<\/p>\n<h2>SSL Encryption<\/h2>\n<p>For security reasons and to protect the transmission of confidential data, such as enquiries you sent to us as the provider, this website uses an SSL encryption. You recognise an encrypted transmission by the change of the address line of the browser from &#8222;http:\/\/&#8220; to &#8222;https:\/\/&#8220; and by the lock-symbol in your browser address line.<\/p>\n<p>If the SSL encryption is active, the data you have transmitted to us cannot be accessed by third parties.<\/p>\n<p>&nbsp;<\/p>\n<h2>Transmission of data on contract conclusion for services and digital contents<\/h2>\n<p>We transmit person-related data to third parties only if it necessary to fulfil the contract, e.g transmitting data to the commissioned credit institution in charge with the payment.<\/p>\n<p>A further transmission of data to third parties does not take place unless you have given your explicit permission. A transmission of data to third parties for commercial purposes does not take place.<\/p>\n<p>&nbsp;<\/p>\n<h2>Right to Information, Deletion, Blocking<\/h2>\n<p>You have the right to be informed about your person-related data, their origin and addressee and the purpose of data processing as well as the right to correction, blocking or deletion of those data at any time and free of charge. For further questions and questions concerning person-related data, feel free to contact us under the address published in the impressum\/legal notice.<\/p>\n<p>&nbsp;<\/p>\n<h2>Objection to commercial mails<\/h2>\n<p>Providers are obligated to publish contact information in the Legal Note\/Impressum. The use of such contact information by third parties for the purpose of distributing unsolicited advertisements or other commercial information is prohibited. The operators of this website reserve the right to take legal measures in case of being sent unsolicited commercial information, e.g. spam mails etc.<\/p>\n<p>&nbsp;<\/p>\n<div class=\"source-container\"><\/div>\n","protected":false},"excerpt":{"rendered":"<p>Datenschutzerkl\u00e4rung Datenschutz Die Betreiber dieser Seiten nehmen den Schutz Ihrer pers\u00f6nlichen Daten sehr ernst. Wir behandeln Ihre personenbezogenen Daten vertraulich und entsprechend der gesetzlichen Datenschutzvorschriften sowie dieser Datenschutzerkl\u00e4rung. Die Nutzung unserer Webseite ist in der Regel ohne Angabe personenbezogener Daten m\u00f6glich. Soweit auf unseren Seiten personenbezogene Daten (beispielsweise Name, Anschrift oder E-Mail-Adressen) erhoben werden, erfolgt &hellip; <\/p>\n","protected":false},"author":1,"featured_media":0,"parent":0,"menu_order":0,"comment_status":"closed","ping_status":"closed","template":"","meta":{"footnotes":""},"class_list":["post-35","page","type-page","status-publish","hentry"],"_links":{"self":[{"href":"http:\/\/www.gesundimwesterwald.de\/index.php?rest_route=\/wp\/v2\/pages\/35","targetHints":{"allow":["GET"]}}],"collection":[{"href":"http:\/\/www.gesundimwesterwald.de\/index.php?rest_route=\/wp\/v2\/pages"}],"about":[{"href":"http:\/\/www.gesundimwesterwald.de\/index.php?rest_route=\/wp\/v2\/types\/page"}],"author":[{"embeddable":true,"href":"http:\/\/www.gesundimwesterwald.de\/index.php?rest_route=\/wp\/v2\/users\/1"}],"replies":[{"embeddable":true,"href":"http:\/\/www.gesundimwesterwald.de\/index.php?rest_route=%2Fwp%2Fv2%2Fcomments&post=35"}],"version-history":[{"count":2,"href":"http:\/\/www.gesundimwesterwald.de\/index.php?rest_route=\/wp\/v2\/pages\/35\/revisions"}],"predecessor-version":[{"id":46,"href":"http:\/\/www.gesundimwesterwald.de\/index.php?rest_route=\/wp\/v2\/pages\/35\/revisions\/46"}],"wp:attachment":[{"href":"http:\/\/www.gesundimwesterwald.de\/index.php?rest_route=%2Fwp%2Fv2%2Fmedia&parent=35"}],"curies":[{"name":"wp","href":"https:\/\/api.w.org\/{rel}","templated":true}]}}